{"id":34,"date":"2020-02-25T18:14:47","date_gmt":"2020-02-25T18:14:47","guid":{"rendered":"https:\/\/www.matoke.org\/?page_id=34"},"modified":"2022-12-07T17:37:47","modified_gmt":"2022-12-07T17:37:47","slug":"ansprechpartner","status":"publish","type":"page","link":"https:\/\/www.matoke.org\/index.php\/uber-matoke\/ansprechpartner\/","title":{"rendered":"Matoke e.V. Deutschland"},"content":{"rendered":"\n<h2 class=\"wp-block-heading\"><strong>Wer steht hinter diesem Projekt?<\/strong><\/h2>\n\n\n\n<p>Bis zur Gr\u00fcndung von MATOKE e.V. im M\u00e4rz 2018 haben einige Frauen mit viel Liebe und pers\u00f6nlichem Einsatz f\u00fcr den Aufbau der Schule gesorgt. Mit den neuen Vereinsmitgliedern bringen sich jetzt Personen aus den unterschiedlichsten Berufen mit Rat und Tat in die Weiterentwicklung der Mukisa Parent School ein.<\/p>\n\n\n\n<figure class=\"wp-block-gallery has-nested-images columns-default is-cropped wp-block-gallery-1 is-layout-flex\">\n<figure class=\"wp-block-image size-large\"><img decoding=\"async\" width=\"1024\" height=\"768\" data-id=\"679\"  src=\"https:\/\/www.matoke.org\/wp-content\/uploads\/2020\/03\/PICT1192-1024x768.jpg\" alt=\"\" class=\"wp-image-679\" srcset=\"https:\/\/www.matoke.org\/wp-content\/uploads\/2020\/03\/PICT1192-1024x768.jpg 1024w, https:\/\/www.matoke.org\/wp-content\/uploads\/2020\/03\/PICT1192-300x225.jpg 300w, https:\/\/www.matoke.org\/wp-content\/uploads\/2020\/03\/PICT1192-768x576.jpg 768w, https:\/\/www.matoke.org\/wp-content\/uploads\/2020\/03\/PICT1192.jpg 1333w\" sizes=\"(max-width: 1024px) 100vw, 1024px\" \/><\/figure>\n\n\n\n<figure class=\"wp-block-image size-large\"><img decoding=\"async\" width=\"1024\" height=\"786\" data-id=\"677\"  src=\"https:\/\/www.matoke.org\/wp-content\/uploads\/2020\/03\/PICT1131-1024x786.jpg\" alt=\"\" class=\"wp-image-677\" srcset=\"https:\/\/www.matoke.org\/wp-content\/uploads\/2020\/03\/PICT1131-1024x786.jpg 1024w, https:\/\/www.matoke.org\/wp-content\/uploads\/2020\/03\/PICT1131-300x230.jpg 300w, https:\/\/www.matoke.org\/wp-content\/uploads\/2020\/03\/PICT1131-768x590.jpg 768w, https:\/\/www.matoke.org\/wp-content\/uploads\/2020\/03\/PICT1131.jpg 1302w\" sizes=\"(max-width: 1024px) 100vw, 1024px\" \/><\/figure>\n\n\n\n<figure class=\"wp-block-image size-large\"><img decoding=\"async\" width=\"1024\" height=\"768\" data-id=\"681\"  src=\"https:\/\/www.matoke.org\/wp-content\/uploads\/2020\/03\/PICT1222-1024x768.jpg\" alt=\"\" class=\"wp-image-681\" srcset=\"https:\/\/www.matoke.org\/wp-content\/uploads\/2020\/03\/PICT1222-1024x768.jpg 1024w, https:\/\/www.matoke.org\/wp-content\/uploads\/2020\/03\/PICT1222-300x225.jpg 300w, https:\/\/www.matoke.org\/wp-content\/uploads\/2020\/03\/PICT1222-768x576.jpg 768w, https:\/\/www.matoke.org\/wp-content\/uploads\/2020\/03\/PICT1222.jpg 1333w\" sizes=\"(max-width: 1024px) 100vw, 1024px\" \/><\/figure>\n<\/figure>\n\n\n\n<p>Den Vorsitz hat Roman Gromotka aus Seehausen \u00fcbernommen, der selbst viel in Afrika gereist ist und zuletzt 2015 das Projekt besuchte und sich von der Qualit\u00e4t der Schule \u00fcberzeugte und die Ausgaben \u00fcberpr\u00fcfte. Christa Gromotka, ebenfalls aus Nu\u00dfdorf, hat ma\u00dfgeblich zum Aufbau der Schule beigetragen und k\u00fcmmert sich als Projektleiterin federf\u00fchrend um den Erhalt und die Weiterentwicklung der Buschschule.  <\/p>\n","protected":false},"excerpt":{"rendered":"<p>Wer steht hinter diesem Projekt? Bis zur Gr\u00fcndung von MATOKE e.V. im M\u00e4rz 2018 haben einige Frauen mit viel Liebe und pers\u00f6nlichem Einsatz f\u00fcr den Aufbau der Schule gesorgt. Mit [&hellip;]<\/p>\n","protected":false},"author":1,"featured_media":645,"parent":16,"menu_order":0,"comment_status":"closed","ping_status":"closed","template":"","meta":[],"_links":{"self":[{"href":"https:\/\/www.matoke.org\/index.php\/wp-json\/wp\/v2\/pages\/34"}],"collection":[{"href":"https:\/\/www.matoke.org\/index.php\/wp-json\/wp\/v2\/pages"}],"about":[{"href":"https:\/\/www.matoke.org\/index.php\/wp-json\/wp\/v2\/types\/page"}],"author":[{"embeddable":true,"href":"https:\/\/www.matoke.org\/index.php\/wp-json\/wp\/v2\/users\/1"}],"replies":[{"embeddable":true,"href":"https:\/\/www.matoke.org\/index.php\/wp-json\/wp\/v2\/comments?post=34"}],"version-history":[{"count":11,"href":"https:\/\/www.matoke.org\/index.php\/wp-json\/wp\/v2\/pages\/34\/revisions"}],"predecessor-version":[{"id":1139,"href":"https:\/\/www.matoke.org\/index.php\/wp-json\/wp\/v2\/pages\/34\/revisions\/1139"}],"up":[{"embeddable":true,"href":"https:\/\/www.matoke.org\/index.php\/wp-json\/wp\/v2\/pages\/16"}],"wp:featuredmedia":[{"embeddable":true,"href":"https:\/\/www.matoke.org\/index.php\/wp-json\/wp\/v2\/media\/645"}],"wp:attachment":[{"href":"https:\/\/www.matoke.org\/index.php\/wp-json\/wp\/v2\/media?parent=34"}],"curies":[{"name":"wp","href":"https:\/\/api.w.org\/{rel}","templated":true}]}}