{"id":30,"date":"2020-02-25T18:11:54","date_gmt":"2020-02-25T18:11:54","guid":{"rendered":"https:\/\/www.matoke.org\/?page_id=30"},"modified":"2022-12-07T10:15:23","modified_gmt":"2022-12-07T10:15:23","slug":"impressum","status":"publish","type":"page","link":"https:\/\/www.matoke.org\/index.php\/impressum\/","title":{"rendered":"impressum"},"content":{"rendered":"\n<p>Ihr Impressum<\/p>\n\n\n\n<p>Im Folgenden finden Sie die Textdaten f\u00fcr Ihr pers\u00f6nliches Website-Impressum gem\u00e4\u00df der von Ihnen get\u00e4tigten Angaben. Sofern Sie in Ihrer Website einen Eingabe-Editor f\u00fcr Ihre Inhalte nutzen, k\u00f6nnen Sie den folgenden Text direkt herauskopieren und dort einf\u00fcgen. Sofern Sie die Inhalte alternativ als HTML-Quellcode in Ihrem Website integrieren m\u00f6chten, k\u00f6nnen Sie den anschlie\u00dfend aufgef\u00fchrten HTML-Quellcode nutzen.<\/p>\n\n\n\n<p>Textversion des Impressums f\u00fcr Ihre Website Impressum Angaben gem\u00e4\u00df \u00a7 5 TMG<\/p>\n\n\n\n<p>&nbsp;Matoke e.V.<\/p>\n\n\n\n<p>Baumgarten 3<\/p>\n\n\n\n<p>83365 Nu\u00dfdorf Bayern<\/p>\n\n\n\n<p>Vereinsregister: D2910V_VR201937<\/p>\n\n\n\n<p>Registergericht: Deutschland<\/p>\n\n\n\n<p>Vertreten durch:<\/p>\n\n\n\n<ol>\n<li>Vorstand: Roman Gromotka<\/li>\n\n\n\n<li>Vorstand: Christa Gromotka<\/li>\n<\/ol>\n\n\n\n<p>+49 8669 789 3001<\/p>\n\n\n\n<p>83365 Nu\u00dfdorf<\/p>\n\n\n\n<p>Germany<\/p>\n\n\n\n<p>Kontakt<\/p>\n\n\n\n<p>Telefon: +49 8669 789 3001<\/p>\n\n\n\n<p>E-Mail: info@matoke.org<\/p>\n\n\n\n<p>Verbraucherstreitbeilegung\/Universalschlichtungsstelle Wir sind nicht bereit oder verpflichtet, an Streitbeilegungsverfahren vor einer Verbraucherschlichtungsstelle teilzunehmen.<\/p>\n\n\n\n<p>Haftung f\u00fcr Inhalte<\/p>\n\n\n\n<p>&nbsp;Als\nDiensteanbieter sind wir gem\u00e4\u00df \u00a7 7 Abs.1 TMG f\u00fcr eigene Inhalte auf diesen\nSeiten nach den allgemeinen Gesetzen verantwortlich. Nach \u00a7\u00a7 8 bis 10 TMG sind\nwir als Diensteanbieter jedoch nicht verpflichtet, \u00fcbermittelte oder\ngespeicherte fremde Informationen zu \u00fcberwachen oder nach Umst\u00e4nden zu forschen,\ndie auf eine rechtswidrige T\u00e4tigkeit hinweisen. Verpflichtungen zur Entfernung\noder Sperrung der Nutzung von Informationen nach den allgemeinen Gesetzen\nbleiben hiervon unber\u00fchrt. Eine diesbez\u00fcgliche Haftung ist jedoch erst ab dem\nZeitpunkt der Kenntnis einer konkreten Rechtsverletzung m\u00f6glich. Bei Bekanntwerden\nvon entsprechenden Rechtsverletzungen werden wir diese Inhalte umgehend\nentfernen.<\/p>\n\n\n\n<p>Haftung f\u00fcr Links<\/p>\n\n\n\n<p>&nbsp;Unser Angebot\nenth\u00e4lt Links zu externen Websites Dritter, auf deren Inhalte wir keinen\nEinfluss haben.Deshalb k\u00f6nnen wir f\u00fcr diese fremden Inhalte auch keine Gew\u00e4hr\n\u00fcbernehmen. F\u00fcr die Inhalte der verlinkten Seiten ist stets der jeweilige\nAnbieter oder Betreiber der Seiten verantwortlich. Die verlinkten Seiten wurden\nzum Zeitpunkt der Verlinkung auf m\u00f6gliche Rechtsverst\u00f6\u00dfe \u00fcberpr\u00fcft. Rechtswidrige\nInhalte waren zum Zeitpunkt der Verlinkung nicht erkennbar. Eine permanente\ninhaltliche Kontrolle der verlinkten Seiten ist jedoch ohne konkrete\nAnhaltspunkte einer Rechtsverletzung nicht zumutbar. Bei Bekanntwerden von\nRechtsverletzungen werden wir derartige Links<\/p>\n\n\n\n<p>umgehend entfernen.<\/p>\n\n\n\n<p>Urheberrecht<\/p>\n\n\n\n<p>&nbsp;Die durch die\nSeitenbetreiber erstellten Inhalte und Werke auf diesen Seiten unterliegen dem\ndeutschen Urheberrecht. Die Vervielf\u00e4ltigung, Bearbeitung, Verbreitung und jede\nArt der Verwertung au\u00dferhalb der Grenzen des Urheberrechtes bed\u00fcrfen der\nschriftlichen Zustimmung des jeweiligen Autors bzw. Erstellers. Downloads und\nKopien dieser Seite sind nur f\u00fcr den privaten, nicht kommerziellen Gebrauch\ngestattet. Soweit die Inhalte auf dieser Seite nicht vom Betreiber erstellt\nwurden, werden die Urheberrechte Dritter beachtet. Insbesondere werden Inhalte\nDritter als solche gekennzeichnet. Sollten Sie trotzdem auf eine Urheberrechtsverletzung\naufmerksam werden, bitten wir um einen entsprechenden Hinweis. Bei Bekanntwerden\nvon Rechtsverletzungen werden wir derartige Inhalte umgehend entfernen.<\/p>\n\n\n\n<p>Quelle:<\/p>\n\n\n\n<p>e-recht24.de<\/p>\n\n\n\n<p>HTML-Quellcode des Impressums f\u00fcr Ihre Website<\/p>\n\n\n\n<p>&nbsp;Den nachfolgenden\nQuellcode k\u00f6nnen Sie kopieren, um das Impressum auf Ihrer Website einzuf\u00fcgen.\nIn der Regel verf\u00fcgt das Content Management System f\u00fcr Ihre Website \u00fcber\neinen Eingabe-Editor zum Einpflegen und Formatieren von Inhalten. Der folgende\nHTML-Quellcode enth\u00e4lt bereits viele notwendige Text-Formatierungen. Wechseln\nSie in Ihrem Eingabe-Editor einfach in die HTML-Code-Ansicht bevor Sie den\nfolgenden Quellcode einf\u00fcgen.<\/p>\n\n\n\n<p>Hinweis:&nbsp; Einige\nBrowser und PDF-Reader haben Probleme bei der vollst\u00e4ndigen Darstellung des\nnachfolgendenPow<\/p>\n","protected":false},"excerpt":{"rendered":"<p>Ihr Impressum Im Folgenden finden Sie die Textdaten f\u00fcr Ihr pers\u00f6nliches Website-Impressum gem\u00e4\u00df der von Ihnen get\u00e4tigten Angaben. Sofern Sie in Ihrer Website einen Eingabe-Editor f\u00fcr Ihre Inhalte nutzen, k\u00f6nnen [&hellip;]<\/p>\n","protected":false},"author":1,"featured_media":0,"parent":0,"menu_order":0,"comment_status":"closed","ping_status":"closed","template":"","meta":[],"_links":{"self":[{"href":"https:\/\/www.matoke.org\/index.php\/wp-json\/wp\/v2\/pages\/30"}],"collection":[{"href":"https:\/\/www.matoke.org\/index.php\/wp-json\/wp\/v2\/pages"}],"about":[{"href":"https:\/\/www.matoke.org\/index.php\/wp-json\/wp\/v2\/types\/page"}],"author":[{"embeddable":true,"href":"https:\/\/www.matoke.org\/index.php\/wp-json\/wp\/v2\/users\/1"}],"replies":[{"embeddable":true,"href":"https:\/\/www.matoke.org\/index.php\/wp-json\/wp\/v2\/comments?post=30"}],"version-history":[{"count":4,"href":"https:\/\/www.matoke.org\/index.php\/wp-json\/wp\/v2\/pages\/30\/revisions"}],"predecessor-version":[{"id":1136,"href":"https:\/\/www.matoke.org\/index.php\/wp-json\/wp\/v2\/pages\/30\/revisions\/1136"}],"wp:attachment":[{"href":"https:\/\/www.matoke.org\/index.php\/wp-json\/wp\/v2\/media?parent=30"}],"curies":[{"name":"wp","href":"https:\/\/api.w.org\/{rel}","templated":true}]}}