{"id":28,"date":"2020-02-25T18:11:21","date_gmt":"2020-02-25T18:11:21","guid":{"rendered":"https:\/\/www.matoke.org\/?page_id=28"},"modified":"2020-03-03T18:32:01","modified_gmt":"2020-03-03T18:32:01","slug":"datenschutzerklarung","status":"publish","type":"page","link":"https:\/\/www.matoke.org\/index.php\/datenschutzerklarung\/","title":{"rendered":"datenschutzerkl\u00e4rung"},"content":{"rendered":"\n<p><\/p>\n\n\n\n<h6 class=\"wp-block-heading\"><em>Aufgrund der neuen Datenschutzverordnung m\u00f6chten wir alle Betroffenen bitten, nachstehenden Datenschutzhinweis zu akzeptieren.<\/em><\/h6>\n\n\n\n<p><em><strong>Datenschutzbelehrung:<\/strong><\/em><\/p>\n\n\n\n<p><em>Ich bin einverstanden mit der Speicherung, \u00dcbermittlung und der Verarbeitung meiner personenbezogenen Daten nur f\u00fcr die Vereinszwecke des Matoke e.V. gem\u00e4\u00df den Bestimmungen der EU-Datenschutzgrundverordnung (DSGVO) und des Bundesdatenschutzgesetzes (BDSG neu) und den Regelungen der Vereinssatzung.<\/em><\/p>\n\n\n\n<p><em>Die Daten sind zur Verfolgung der Ziele des Matoke e.V. Nu\u00dfdorf erforderlich. <\/em><em>Jederzeit kann ich Auskunft \u00fcber meine gespeicherten Daten erhalten und die L\u00f6schung der Datenspeicherung bei Einstellung der F\u00f6rderung schriftlich beim Verein beantragen.<\/em><\/p>\n\n\n\n<p><em>MATOKE e.V., Baumgarten 3, 83365 Nu\u00dfdorf, Email:\u00a0 <a href=\"mailto:info@matoke.org\">info@matoke.org<\/a>\u00a0\u00a0\u00a0\u00a0 homepage im Aufbau: www.matoke.org<\/em><\/p>\n\n\n\n<p><\/p>\n\n\n\n<p>Ihre Datenschutzerkl\u00e4rung<\/p>\n\n\n\n<p>\u00a0Im Folgenden finden Sie die Textdaten f\u00fcr Ihre pers\u00f6nliche Datenschutzerkl\u00e4rung f\u00fcr Ihre Website gem\u00e4\u00df der von Ihnen get\u00e4tigten Angaben. Sofern Sie in Ihrer Website einen Eingabe-Editor f\u00fcr Ihre Inhalte nutzen, k\u00f6nnen Sie den folgenden Text direkt herauskopieren und dort einf\u00fcgen.<\/p>\n\n\n\n<p>Sofern Sie die Inhalte alternativ als HTML-Quellcode in Ihrem Website integrieren m\u00f6chten, k\u00f6nnen Sie den anschlie\u00dfend aufgef\u00fchrten HTML-Quellcode nutzen. Achten Sie bei der Einbindung des Textes zum Widerspruchsrecht gegen die Datenerhebung in besonderen F\u00e4llen sowie gegen Direktwerbung (Art. 21 DSGVO)\u00a0 darauf, dass der zugeh\u00f6rige Text in der<\/p>\n\n\n\n<p>Datenschutzerkl\u00e4rung gegen\u00fcber den anderen Informationen besonders hervorgehoben wird, z. B. durch Fettdruck. Die Einbindung von Drittanbieter-Tools und Plugins ist mit datenschutzrechtlichen Risiken und rechtlichen Unsicherheiten verbunden, wenn diese ungefragt personenbezogene Daten von Website-Besuchern speichern\/\u00fcbertragen. In Ihrem Fall k\u00f6nnen davon insbesondere folgende Tools und Plugins betroffen sein.<\/p>\n\n\n\n<h3 class=\"wp-block-heading\">Google Maps, Google reCAPTCHA, YouTube<\/h3>\n\n\n\n<p>\u00a0Ein blo\u00dfer Hinweis in der Datenschutzerkl\u00e4rung ist aus Sicht vieler Datenschutzbeh\u00f6rden und Gerichte in diesen F\u00e4llen dann nicht ausreichend. Pr\u00fcfen Sie bitte, ob und unter welchen Voraussetzungen die von Ihnen eingesetzten Tools und sonstigen Funktionen datenschutzkonform einsetzbar sind:<\/p>\n\n\n\n<p>Viele Anbieter bieten DSGVO-konforme L\u00f6sungen f\u00fcr die Datenverarbeitung in der EU an. Fragen Sie bitte dazu bei dem betreffenden Anbieter an. Wenn der Anbieter keine datenschutzkonforme L\u00f6sung erm\u00f6glicht, m\u00fcssen Sie eine ausdr\u00fcckliche Einwilligung der Nutzer einholen. Andernfalls drohen Abmahnungen und Bu\u00dfgelder.<\/p>\n\n\n\n<p>Textversion der Datenschutzerkl\u00e4rung f\u00fcr Ihre Website Datenschutzerkl\u00e4rung<\/p>\n\n\n\n<p>1. Datenschutz auf einen Blick<\/p>\n\n\n\n<p>Allgemeine Hinweise \u00a0Die folgenden Hinweise geben einen einfachen \u00dcberblick dar\u00fcber, was mit Ihren personenbezogenen Daten passiert, wenn Sie diese Website besuchen. Personenbezogene Daten sind alle Daten, mit denen Sie pers\u00f6nlich identifiziert werden k\u00f6nnen. Ausf\u00fchrliche Informationen zum Thema Datenschutz entnehmen Sie unserer unter diesem Text aufgef\u00fchrten Datenschutzerkl\u00e4rung.<\/p>\n\n\n\n<p>Datenerfassung auf dieser Website<\/p>\n\n\n\n<p>Wer ist verantwortlich f\u00fcr die Datenerfassung auf dieser Website?<\/p>\n\n\n\n<p>&nbsp;Die Datenverarbeitung auf\ndieser Website erfolgt durch den Websitebetreiber. Dessen Kontaktdaten<\/p>\n\n\n\n<p>k\u00f6nnen Sie dem Impressum dieser Website entnehmen.<\/p>\n\n\n\n<p>Wie erfassen wir Ihre Daten?<\/p>\n\n\n\n<p>&nbsp;Ihre Daten werden zum einen\ndadurch erhoben, dass Sie uns diese mitteilen. Hierbei kann es sich z. B. um<\/p>\n\n\n\n<p>Daten handeln, die Sie in ein Kontaktformular eingeben.<\/p>\n\n\n\n<p>Andere Daten werden automatisch oder nach Ihrer Einwilligung beim\nBesuch der Website durch unsere ITSysteme<\/p>\n\n\n\n<p>erfasst. Das sind vor allem technische Daten (z. B.\nInternetbrowser, Betriebssystem oder Uhrzeit<\/p>\n\n\n\n<p>des Seitenaufrufs). Die Erfassung dieser Daten erfolgt\nautomatisch, sobald Sie diese Website betreten.<\/p>\n\n\n\n<p>Wof\u00fcr nutzen wir Ihre Daten?<\/p>\n\n\n\n<p>&nbsp;Ein Teil der Daten wird\nerhoben, um eine fehlerfreie Bereitstellung der Website zu gew\u00e4hrleisten.\nAndere<\/p>\n\n\n\n<p>Daten k\u00f6nnen zur Analyse Ihres Nutzerverhaltens verwendet werden.<\/p>\n\n\n\n<p>Welche Rechte haben Sie bez\u00fcglich Ihrer Daten?<\/p>\n\n\n\n<p>&nbsp;Sie haben jederzeit das\nRecht unentgeltlich Auskunft \u00fcber Herkunft, Empf\u00e4nger und Zweck Ihrer<\/p>\n\n\n\n<p>gespeicherten personenbezogenen Daten zu erhalten. Sie haben\nau\u00dferdem ein Recht, die Berichtigung oder<\/p>\n\n\n\n<p>L\u00f6schung dieser Daten zu verlangen. Wenn Sie eine Einwilligung zur\nDatenverarbeitung erteilt haben,<\/p>\n\n\n\n<p>k\u00f6nnen Sie diese Einwilligung jederzeit f\u00fcr die Zukunft\nwiderrufen. Au\u00dferdem haben Sie das Recht, unter<\/p>\n\n\n\n<p>bestimmten Umst\u00e4nden die Einschr\u00e4nkung der Verarbeitung Ihrer personenbezogenen\nDaten zu verlangen.<\/p>\n\n\n\n<p>Des Weiteren steht Ihnen ein Beschwerderecht bei der zust\u00e4ndigen\nAufsichtsbeh\u00f6rde zu.<\/p>\n\n\n\n<p>Hierzu sowie zu weiteren Fragen zum Thema Datenschutz k\u00f6nnen Sie\nsich jederzeit unter der im Impressum<\/p>\n\n\n\n<p>angegebenen Adresse an uns wenden.<\/p>\n\n\n\n<p>Analyse-Tools\nund Tools von Drittanbietern<\/p>\n\n\n\n<p>&nbsp;Beim Besuch dieser Website\nkann Ihr Surf-Verhalten statistisch ausgewertet werden. Das geschieht vor<\/p>\n\n\n\n<p>allem mit Cookies und mit sogenannten Analyseprogrammen.<\/p>\n\n\n\n<p>Detaillierte Informationen zu diesen Analyseprogrammen finden Sie\nin der folgenden<\/p>\n\n\n\n<p>Datenschutzerkl\u00e4rung.<\/p>\n\n\n\n<p>2. Allgemeine Hinweise und Pflichtinformationen<\/p>\n\n\n\n<p>Datenschutz<\/p>\n\n\n\n<p>&nbsp;Die Betreiber dieser Seiten\nnehmen den Schutz Ihrer pers\u00f6nlichen Daten sehr ernst. Wir behandeln Ihre<\/p>\n\n\n\n<p>personenbezogenen Daten vertraulich und entsprechend der\ngesetzlichen Datenschutzvorschriften sowie<\/p>\n\n\n\n<p>dieser Datenschutzerkl\u00e4rung.<\/p>\n\n\n\n<p>Wenn Sie diese Website benutzen, werden verschiedene\npersonenbezogene Daten erhoben.<\/p>\n\n\n\n<p>Personenbezogene Daten sind Daten, mit denen Sie pers\u00f6nlich\nidentifiziert werden k\u00f6nnen. Die vorliegende<\/p>\n\n\n\n<p>Datenschutzerkl\u00e4rung erl\u00e4utert, welche Daten wir erheben und wof\u00fcr\nwir sie nutzen. Sie erl\u00e4utert auch, wie<\/p>\n\n\n\n<p>und zu welchem Zweck das geschieht.<\/p>\n\n\n\n<p>Wir weisen darauf hin, dass die Daten\u00fcbertragung im Internet (z.\nB. bei der Kommunikation per E-Mail)<\/p>\n\n\n\n<p>Sicherheitsl\u00fccken aufweisen kann. Ein l\u00fcckenloser Schutz der\nDaten vor dem Zugriff durch Dritte ist nicht<\/p>\n\n\n\n<p>m\u00f6glich.<\/p>\n\n\n\n<p>Hinweis zur\nverantwortlichen Stelle<\/p>\n\n\n\n<p>&nbsp;Die verantwortliche Stelle\nf\u00fcr die Datenverarbeitung auf dieser Website ist:<\/p>\n\n\n\n<p>Matoke e.V Matoke e.V.<\/p>\n\n\n\n<p>Baumgarten 3<\/p>\n\n\n\n<p>83365 Nu\u00dfdorf<\/p>\n\n\n\n<p>Bayern<\/p>\n\n\n\n<p>Telefon: +49 8669 81 95 20<\/p>\n\n\n\n<p>E-Mail: <a href=\"mailto:christa@gromotka.com\">christa@gromotka.com<\/a><\/p>\n\n\n\n<p>Verantwortliche Stelle ist die nat\u00fcrliche oder juristische\nPerson, die allein oder gemeinsam mit anderen \u00fcber<\/p>\n\n\n\n<p>die Zwecke und Mittel der Verarbeitung von personenbezogenen Daten\n(z. B. Namen, E-Mail-Adressen o. \u00c4.)<\/p>\n\n\n\n<p>entscheidet.<\/p>\n\n\n\n<p>Widerruf\nIhrer Einwilligung zur Datenverarbeitung<\/p>\n\n\n\n<p>&nbsp;Viele\nDatenverarbeitungsvorg\u00e4nge sind nur mit Ihrer ausdr\u00fccklichen Einwilligung\nm\u00f6glich. Sie k\u00f6nnen eine<\/p>\n\n\n\n<p>bereits erteilte Einwilligung jederzeit widerrufen. Dazu reicht\neine formlose Mitteilung per E-Mail an uns.<\/p>\n\n\n\n<p>Die Rechtm\u00e4\u00dfigkeit der bis zum Widerruf erfolgten\nDatenverarbeitung bleibt vom Widerruf unber\u00fchrt.<\/p>\n\n\n\n<p>Widerspruchsrecht\ngegen die Datenerhebung in besonderen F\u00e4llen sowie gegen<\/p>\n\n\n\n<p>Direktwerbung\n(Art. 21 DSGVO)<\/p>\n\n\n\n<p>&nbsp;WENN DIE DATENVERARBEITUNG\nAUF GRUNDLAGE VON ART. 6 ABS. 1 LIT. E ODER F DSGVO<\/p>\n\n\n\n<p>ERFOLGT, HABEN SIE JEDERZEIT DAS RECHT, AUS GR\u00dcNDEN, DIE SICH AUS\nIHRER BESONDEREN<\/p>\n\n\n\n<p>SITUATION ERGEBEN, GEGEN DIE VERARBEITUNG IHRER PERSONENBEZOGENEN\nDATEN<\/p>\n\n\n\n<p>WIDERSPRUCH EINZULEGEN; DIES GILT AUCH F\u00dcR EIN AUF DIESE\nBESTIMMUNGEN GEST\u00dcTZTES<\/p>\n\n\n\n<p>PROFILING. DIE JEWEILIGE RECHTSGRUNDLAGE, AUF DENEN EINE\nVERARBEITUNG BERUHT,<\/p>\n\n\n\n<p>ENTNEHMEN SIE DIESER DATENSCHUTZERKL\u00c4RUNG. WENN SIE WIDERSPRUCH\nEINLEGEN,<\/p>\n\n\n\n<p>WERDEN WIR IHRE BETROFFENEN PERSONENBEZOGENEN DATEN NICHT MEHR\nVERARBEITEN, ES<\/p>\n\n\n\n<p>SEI DENN, WIR K\u00d6NNEN ZWINGENDE SCHUTZW\u00dcRDIGE GR\u00dcNDE F\u00dcR DIE\nVERARBEITUNG<\/p>\n\n\n\n<p>NACHWEISEN, DIE IHRE INTERESSEN, RECHTE UND FREIHEITEN \u00dcBERWIEGEN\nODER DIE<\/p>\n\n\n\n<p>VERARBEITUNG DIENT DER GELTENDMACHUNG, AUS\u00dcBUNG ODER VERTEIDIGUNG\nVON<\/p>\n\n\n\n<p>RECHTSANSPR\u00dcCHEN (WIDERSPRUCH NACH ART. 21 ABS. 1 DSGVO).<\/p>\n\n\n\n<p>WERDEN IHRE PERSONENBEZOGENEN DATEN VERARBEITET, UM DIREKTWERBUNG\nZU BETREIBEN,<\/p>\n\n\n\n<p>SO HABEN SIE DAS RECHT, JEDERZEIT WIDERSPRUCH GEGEN DIE\nVERARBEITUNG SIE<\/p>\n\n\n\n<p>BETREFFENDER PERSONENBEZOGENER DATEN ZUM ZWECKE DERARTIGER WERBUNG<\/p>\n\n\n\n<p>EINZULEGEN; DIES GILT AUCH F\u00dcR DAS PROFILING, SOWEIT ES MIT\nSOLCHER DIREKTWERBUNG IN<\/p>\n\n\n\n<p>VERBINDUNG STEHT. WENN SIE WIDERSPRECHEN, WERDEN IHRE\nPERSONENBEZOGENEN DATEN<\/p>\n\n\n\n<p>ANSCHLIESSEND NICHT MEHR ZUM ZWECKE DER DIREKTWERBUNG VERWENDET\n(WIDERSPRUCH<\/p>\n\n\n\n<p>NACH ART. 21 ABS. 2 DSGVO).<\/p>\n\n\n\n<p>Beschwerderecht\nbei der zust\u00e4ndigen Aufsichtsbeh\u00f6rde<\/p>\n\n\n\n<p>\u00a0Im Falle von Verst\u00f6\u00dfen gegen die DSGVO steht den Betroffenen ein Beschwerderecht bei einer Aufsichtsbeh\u00f6rde, insbesondere in dem Mitgliedstaat ihres gew\u00f6hnlichen Aufenthalts, ihres Arbeitsplatzes oder des Orts des mutma\u00dflichen Versto\u00dfes zu. Das Beschwerderecht besteht unbeschadet anderweitiger \u00a0verwaltungsrechtlicher oder gerichtlicher Rechtsbehelfe.<\/p>\n\n\n\n<p>Recht auf\nDaten\u00fcbertragbarkeit<\/p>\n\n\n\n<p>\u00a0Sie haben das Recht, Daten, die wir auf Grundlage Ihrer Einwilligung oder in Erf\u00fcllung eines Vertrags automatisiert verarbeiten, an sich oder an einen Dritten in einem g\u00e4ngigen, maschinenlesbaren Format aush\u00e4ndigen zu lassen. Sofern Sie die direkte \u00dcbertragung der Daten an einen anderen Verantwortlichen verlangen, erfolgt dies nur, soweit es technisch machbar ist.<\/p>\n\n\n\n<p>SSL- bzw.\nTLS-Verschl\u00fcsselung<\/p>\n\n\n\n<p>\u00a0Diese Seite nutzt aus Sicherheitsgr\u00fcnden und zum Schutz der \u00dcbertragung vertraulicher Inhalte, wie zum Beispiel Bestellungen oder Anfragen, die Sie an uns als Seitenbetreiber senden, eine SSL- bzw. TLSVerschl\u00fcsselung.<\/p>\n\n\n\n<p>Eine verschl\u00fcsselte Verbindung erkennen Sie daran, dass die Adresszeile des Browsers von \u201ehttp:\/\/\u201c auf \u201ehttps:\/\/\u201c wechselt und an dem Schloss-Symbol in Ihrer Browserzeile.<\/p>\n\n\n\n<p>Wenn die SSL- bzw. TLS-Verschl\u00fcsselung aktiviert ist, k\u00f6nnen die Daten, die Sie an uns \u00fcbermitteln, nicht von Dritten mitgelesen werden.<\/p>\n\n\n\n<p>Auskunft,\nL\u00f6schung und Berichtigung<\/p>\n\n\n\n<p>\u00a0Sie haben im Rahmen der geltenden gesetzlichen Bestimmungen jederzeit das Recht auf unentgeltliche Auskunft \u00fcber Ihre gespeicherten personenbezogenen Daten, deren Herkunft und Empf\u00e4nger und den Zweck der Datenverarbeitung und ggf. ein Recht auf Berichtigung oder L\u00f6schung dieser Daten. Hierzu sowie zu weiteren Fragen zum Thema personenbezogene Daten k\u00f6nnen Sie sich jederzeit unter der im Impressum angegebenen Adresse an uns wenden.<\/p>\n\n\n\n<p>Recht auf Einschr\u00e4nkung der Verarbeitung \u00a0Sie haben das Recht, die Einschr\u00e4nkung der Verarbeitung Ihrer personenbezogenen Daten zu verlangen. Hierzu k\u00f6nnen Sie sich jederzeit unter der im Impressum angegebenen Adresse an uns wenden. Das Recht auf Einschr\u00e4nkung der Verarbeitung besteht in folgenden F\u00e4llen:<\/p>\n\n\n\n<p>Wenn Sie die Richtigkeit Ihrer bei uns gespeicherten personenbezogenen Daten bestreiten, ben\u00f6tigen wir in der Regel Zeit, um dies zu \u00fcberpr\u00fcfen. F\u00fcr die Dauer der Pr\u00fcfung haben Sie das Recht, die Einschr\u00e4nkung der Verarbeitung Ihrer personenbezogenen Daten zu verlangen.<\/p>\n\n\n\n<p>Wenn die Verarbeitung Ihrer personenbezogenen Daten unrechtm\u00e4\u00dfig geschah\/geschieht, k\u00f6nnen Sie statt der L\u00f6schung die Einschr\u00e4nkung der Datenverarbeitung verlangen.<\/p>\n\n\n\n<p>Wenn wir Ihre personenbezogenen Daten nicht mehr ben\u00f6tigen, Sie sie jedoch zur Aus\u00fcbung, Verteidigung oder Geltendmachung von Rechtsanspr\u00fcchen ben\u00f6tigen, haben Sie das Recht, statt der L\u00f6schung die Einschr\u00e4nkung der Verarbeitung Ihrer personenbezogenen Daten zu verlangen.<\/p>\n\n\n\n<p>Wenn Sie einen Widerspruch nach Art. 21 Abs. 1 DSGVO eingelegt haben, muss eine Abw\u00e4gung zwischen Ihren und unseren Interessen vorgenommen werden. Solange noch nicht feststeht, wessen Interessen \u00fcberwiegen, haben Sie das Recht, die Einschr\u00e4nkung der Verarbeitung Ihrer personenbezogenen Daten zu verlangen.<\/p>\n\n\n\n<p>Wenn Sie die Verarbeitung Ihrer personenbezogenen Daten eingeschr\u00e4nkt haben, d\u00fcrfen diese Daten \u2013 von ihrer Speicherung abgesehen \u2013 nur mit Ihrer Einwilligung oder zur Geltendmachung, Aus\u00fcbung oder Verteidigung von Rechtsanspr\u00fcchen oder zum Schutz der Rechte einer anderen nat\u00fcrlichen oder juristischen Person oder aus Gr\u00fcnden eines wichtigen \u00f6ffentlichen Interesses der Europ\u00e4ischen Union oder<\/p>\n\n\n\n<p>eines Mitgliedstaats verarbeitet werden.<\/p>\n\n\n\n<p>3. Datenerfassung auf dieser Website<\/p>\n\n\n\n<p>Server-Log-Dateien<\/p>\n\n\n\n<p>\u00a0Der Provider der Seiten erhebt und speichert automatisch Informationen in so genannten Server-Log-Dateien, die Ihr Browser automatisch an uns \u00fcbermittelt. Dies sind:<\/p>\n\n\n\n<p>Browsertyp und Browserversion<\/p>\n\n\n\n<p>verwendetes Betriebssystem<\/p>\n\n\n\n<p>Referrer URL<\/p>\n\n\n\n<p>Hostname des zugreifenden Rechners<\/p>\n\n\n\n<p>Uhrzeit der Serveranfrage<\/p>\n\n\n\n<p>IP-Adresse<\/p>\n\n\n\n<p>Eine Zusammenf\u00fchrung dieser Daten mit anderen Datenquellen wird\nnicht vorgenommen.<\/p>\n\n\n\n<p>Die Erfassung dieser Daten erfolgt auf Grundlage von Art. 6 Abs. 1 lit. f DSGVO. Der Websitebetreiber hat ein berechtigtes Interesse an der technisch fehlerfreien Darstellung und der Optimierung seiner Website \u2013hierzu m\u00fcssen die Server-Log-Files erfasst werden.<\/p>\n\n\n\n<p>Kontaktformular\u00a0Wenn Sie uns per Kontaktformular Anfragen zukommen lassen, werden Ihre Angaben aus dem Anfrageformular inklusive der von Ihnen dort angegebenen Kontaktdaten zwecks Bearbeitung der Anfrage und f\u00fcr den Fall von Anschlussfragen bei uns gespeichert. Diese Daten geben wir nicht ohne Ihre<\/p>\n\n\n\n<p>Einwilligung weiter.<\/p>\n\n\n\n<p>Die Verarbeitung dieser Daten erfolgt auf Grundlage von Art. 6 Abs. 1 lit. b DSGVO, sofern Ihre Anfrage mit der Erf\u00fcllung eines Vertrags zusammenh\u00e4ngt oder zur Durchf\u00fchrung vorvertraglicher Ma\u00dfnahmen erforderlich ist. In allen \u00fcbrigen F\u00e4llen beruht die Verarbeitung auf unserem berechtigten Interesse an der effektiven Bearbeitung der an uns gerichteten Anfragen (Art. 6 Abs. 1 lit. f DSGVO) oder auf Ihrer Einwilligung (Art. 6 Abs. 1 lit. a DSGVO) sofern diese abgefragt wurde. Die von Ihnen im Kontaktformular eingegebenen Daten verbleiben bei uns, bis Sie uns zur L\u00f6schung auffordern, Ihre Einwilligung zur Speicherung widerrufen oder der Zweck f\u00fcr die Datenspeicherung entf\u00e4llt (z. B. nach abgeschlossener Bearbeitung Ihrer Anfrage). Zwingende gesetzliche Bestimmungen \u2013insbesondere Aufbewahrungsfristen \u2013 bleiben unber\u00fchrt.<\/p>\n\n\n\n<p>Anfrage per E-Mail, Telefon oder Telefax \u00a0Wenn Sie uns per E-Mail, Telefon oder Telefax kontaktieren, wird Ihre Anfrage inklusive aller daraus hervorgehenden personenbezogenen Daten (Name, Anfrage) zum Zwecke der Bearbeitung Ihres Anliegens bei uns gespeichert und verarbeitet. Diese Daten geben wir nicht ohne Ihre Einwilligung weiter.<\/p>\n\n\n\n<p>Die Verarbeitung dieser Daten erfolgt auf Grundlage von Art. 6 Abs. 1 lit. b DSGVO, sofern Ihre Anfrage mit der Erf\u00fcllung eines Vertrags zusammenh\u00e4ngt oder zur Durchf\u00fchrung vorvertraglicher Ma\u00dfnahmen erforderlich ist. In allen \u00fcbrigen F\u00e4llen beruht die Verarbeitung auf unserem berechtigten Interesse an der effektiven Bearbeitung der an uns gerichteten Anfragen (Art. 6 Abs. 1 lit. f DSGVO) oder auf Ihrer Einwilligung (Art. 6 Abs. 1 lit. a DSGVO) sofern diese abgefragt wurde. Die von Ihnen an uns per Kontaktanfragen \u00fcbersandten Daten verbleiben bei uns, bis Sie uns zur L\u00f6schung auffordern, Ihre Einwilligung zur Speicherung widerrufen oder der Zweck f\u00fcr die Datenspeicherung entf\u00e4llt (z. B. nach abgeschlossener Bearbeitung Ihres Anliegens). Zwingende gesetzliche Bestimmungen \u2013insbesondere gesetzliche Aufbewahrungsfristen \u2013 bleiben unber\u00fchrt.<\/p>\n\n\n\n<p>4. Newsletter<\/p>\n\n\n\n<p>Newsletterdaten<\/p>\n\n\n\n<p>Wenn Sie den auf der Website angebotenen Newsletter beziehen m\u00f6chten, ben\u00f6tigen wir von Ihnen eine EMail-Adresse sowie Informationen, welche uns die .berpr\u00fcfung gestatten, dass Sie der Inhaber der angegebenen E-Mail-Adresse sind und mit dem Empfang des Newsletters einverstanden sind. Weitere Daten werden nicht bzw. nur auf freiwilliger Basis erhoben. Diese Daten verwenden wir ausschlie\u00dflich f\u00fcr den Versand der angeforderten Informationen und geben diese nicht an Dritte weiter.<\/p>\n\n\n\n<p>Die Verarbeitung der in das Newsletteranmeldeformular eingegebenen Daten erfolgt ausschlie\u00dflich auf Grundlage Ihrer Einwilligung (Art. 6 Abs. 1 lit. a DSGVO). Die erteilte Einwilligung zur Speicherung der Daten, der E-Mail-Adresse sowie deren Nutzung zum Versand des Newsletters k\u00f6nnen Sie jederzeit widerrufen, etwa \u00fcber den \u201eAustragen\u201c-Link im Newsletter. Die Rechtm\u00e4\u00dfigkeit der bereits erfolgten Datenverarbeitungsvorg\u00e4nge bleibt vom Widerruf unber\u00fchrt.<\/p>\n\n\n\n<p>Die von Ihnen zum Zwecke des Newsletter-Bezugs bei uns hinterlegten Daten werden von uns bis zu Ihrer Austragung aus dem Newsletter bei uns bzw. dem Newsletterdiensteanbieter gespeichert und nach der Abbestellung des Newsletters aus der Newsletterverteilerliste gel\u00f6scht. Daten, die zu anderen Zwecken bei uns gespeichert wurden bleiben hiervon unber\u00fchrt. Nach Ihrer Austragung aus der Newsletterverteilerliste wird Ihre E-Mail-Adresse bei uns bzw. dem Newsletterdiensteanbieter ggf. in einer Blacklist gespeichert, um k\u00fcnftige Mailings zu verhindern. Die Daten aus der Blacklist werden nur f\u00fcr diesen Zweck verwendet und nicht mit anderen Daten zusammengef\u00fchrt.<\/p>\n\n\n\n<p>Dies dient sowohl Ihrem Interesse als auch unserem Interesse an der Einhaltung der gesetzlichen Vorgaben beim Versand von Newslettern (berechtigtes Interesse im Sinne des Art. 6 Abs. 1 lit. f DSGVO). Die Speicherung in der Blacklist ist zeitlich nicht befristet. Sie k\u00f6nnen der Speicherung widersprechen, sofern Ihre Interessen unser berechtigtes Interesse \u00fcberwiegen.<\/p>\n\n\n\n<p>5. Plugins und Tools<\/p>\n\n\n\n<p>YouTube mit erweitertem Datenschutz \u00a0Diese Website bindet Videos der YouTube ein. Betreiber der Seiten ist die Google Ireland Limited (\u201eGoogle\u201c), Gordon House, Barrow Street, Dublin 4, Irland.<\/p>\n\n\n\n<p>Wir nutzen YouTube im erweiterten Datenschutzmodus. Dieser Modus bewirkt laut YouTube, dass YouTube keine Informationen \u00fcber die Besucher auf dieser Website speichert, bevor diese sich das Video<\/p>\n\n\n\n<p>ansehen. Die Weitergabe von Daten an YouTube-Partner wird durch den erweiterten Datenschutzmodus hingegen nicht zwingend ausgeschlossen. So stellt YouTube \u2013 unabh\u00e4ngig davon, ob Sie sich ein Video ansehen \u2013 eine Verbindung zum Google DoubleClick-Netzwerk her.<\/p>\n\n\n\n<p>Sobald Sie ein YouTube-Video auf dieser Website starten, wird eine Verbindung zu den Servern von YouTube hergestellt. Dabei wird dem YouTube-Server mitgeteilt, welche unserer Seiten Sie besucht haben.<\/p>\n\n\n\n<p>Wenn Sie in Ihrem YouTube-Account eingeloggt sind, erm\u00f6glichen Sie YouTube, Ihr Surfverhalten direkt Ihrem pers\u00f6nlichen Profil zuzuordnen. Dies k\u00f6nnen Sie verhindern, indem Sie sich aus Ihrem YouTube-Account ausloggen.<\/p>\n\n\n\n<p>Des Weiteren kann YouTube nach Starten eines Videos verschiedene Cookies auf Ihrem Endger\u00e4t speichern. Mit Hilfe dieser Cookies kann YouTube Informationen \u00fcber Besucher dieser Website erhalten. Diese Informationen werden u. a. verwendet, um Videostatistiken zu erfassen, die Anwenderfreundlichkeit zu verbessern und Betrugsversuchen vorzubeugen. Die Cookies verbleiben auf Ihrem Endger\u00e4t, bis Sie sie l\u00f6schen.<\/p>\n\n\n\n<p>Gegebenenfalls k\u00f6nnen nach dem Start eines YouTube-Videos weitere Datenverarbeitungsvorg\u00e4nge ausgel\u00f6st werden, auf die wir keinen Einfluss haben. \u00a0Die Nutzung von YouTube erfolgt im Interesse einer ansprechenden Darstellung unserer Online-Angebote.<\/p>\n\n\n\n<p>Dies stellt ein berechtigtes Interesse im Sinne von Art. 6 Abs. 1 lit. f DSGVO dar. Sofern eine entsprechende Einwilligung abgefragt wurde, erfolgt die Verarbeitung ausschlie\u00dflich auf Grundlage von Art. 6 Abs. 1 lit. a DSGVO; die Einwilligung ist jederzeit widerrufbar.<\/p>\n\n\n\n<p>Weitere Informationen \u00fcber Datenschutz bei YouTube finden Sie in\nderen Datenschutzerkl\u00e4rung unter:<\/p>\n\n\n\n<p>https:\/\/policies.google.com\/privacy?hl=de .<\/p>\n\n\n\n<p>Google Maps<\/p>\n\n\n\n<p>\u00a0Diese Seite nutzt \u00fcber eine API den Kartendienst Google Maps. Anbieter ist die Google Ireland Limited (\u201eGoogle\u201c), Gordon House, Barrow Street, Dublin 4, Irland.<\/p>\n\n\n\n<p>Zur Nutzung der Funktionen von Google Maps ist es notwendig, Ihre IP Adresse zu speichern. Diese Informationen werden in der Regel an einen Server von Google in den USA \u00fcbertragen und dort gespeichert. Der Anbieter dieser Seite hat keinen Einfluss auf diese Daten\u00fcbertragung.<\/p>\n\n\n\n<p>Die Nutzung von Google Maps erfolgt im Interesse einer ansprechenden Darstellung unserer Online-Angebote und an einer leichten Auffindbarkeit der von uns auf der Website angegebenen Orte. Dies stellt ein berechtigtes Interesse im Sinne von Art. 6 Abs. 1 lit. f DSGVO dar. Sofern eine entsprechende Einwilligung abgefragt wurde, erfolgt die Verarbeitung ausschlie\u00dflich auf Grundlage von Art. 6 Abs. 1 lit. a DSGVO; die Einwilligung ist jederzeit widerrufbar.<\/p>\n\n\n\n<p>Mehr Informationen zum Umgang mit Nutzerdaten finden Sie in der\nDatenschutzerkl\u00e4rung von Google:<\/p>\n\n\n\n<p>https:\/\/policies.google.com\/privacy?hl=de .<\/p>\n\n\n\n<p>Google\nreCAPTCHA<\/p>\n\n\n\n<p>\u00a0Wir nutzen \u201eGoogle reCAPTCHA\u201c (im Folgenden \u201ereCAPTCHA\u201c) auf dieser Website. Anbieter ist die Google Ireland Limited (\u201eGoogle\u201c), Gordon House, Barrow Street, Dublin 4, Irland.<\/p>\n\n\n\n<p>Mit reCAPTCHA soll \u00fcberpr\u00fcft werden, ob die Dateneingabe auf dieser Website (z. B. in einem Kontaktformular) durch einen Menschen oder durch ein automatisiertes Programm erfolgt. Hierzu analysiert reCAPTCHA das Verhalten des Websitebesuchers anhand verschiedener Merkmale. Diese Analyse beginnt automatisch, sobald der Websitebesucher die Website betritt. Zur Analyse wertet reCAPTCHA verschiedene Informationen aus (z. B. IP-Adresse, Verweildauer des Websitebesuchers auf der Website oder vom Nutzer get\u00e4tigte Mausbewegungen). Die bei der Analyse erfassten Daten werden an Google weitergeleitet.<\/p>\n\n\n\n<p>Die reCAPTCHA-Analysen laufen vollst\u00e4ndig im Hintergrund. Websitebesucher werden nicht darauf hingewiesen, dass eine Analyse stattfindet.<\/p>\n\n\n\n<p>Die Speicherung und Analyse der Daten erfolgt auf Grundlage von Art. 6 Abs. 1 lit. f DSGVO. Der Websitebetreiber hat ein berechtigtes Interesse daran, seine Webangebote vor missbr\u00e4uchlicher automatisierter Aussp\u00e4hung und vor SPAM zu sch\u00fctzen. Sofern eine entsprechende Einwilligung abgefragt wurde (z. B. eine Einwilligung zur Speicherung von Cookies), erfolgt die Verarbeitung ausschlie\u00dflich auf Grundlage von Art. 6 Abs. 1 lit. a DSGVO; die Einwilligung ist jederzeit widerrufbar.<\/p>\n\n\n\n<p>Weitere Informationen zu Google reCAPTCHA entnehmen Sie den Google-Datenschutzbestimmungen und den Google Nutzungsbedingungen unter folgenden Links:<\/p>\n\n\n\n<p>https:\/\/policies.google.com\/privacy?hl=de \u00a0und https:\/\/policies.google.com\/terms?hl=de .<\/p>\n\n\n\n<p>Quelle: e-recht24.de<\/p>\n\n\n\n<p>HTML-Quellcode der Datenschutzerkl\u00e4rung f\u00fcr Ihre Website Den nachfolgenden Quellcode k\u00f6nnen Sie kopieren, um die Datenschutzerkl\u00e4rung auf Ihrer Webseite einzuf\u00fcgen.<\/p>\n","protected":false},"excerpt":{"rendered":"<p>Aufgrund der neuen Datenschutzverordnung m\u00f6chten wir alle Betroffenen bitten, nachstehenden Datenschutzhinweis zu akzeptieren. Datenschutzbelehrung: Ich bin einverstanden mit der Speicherung, \u00dcbermittlung und der Verarbeitung meiner personenbezogenen Daten nur f\u00fcr die [&hellip;]<\/p>\n","protected":false},"author":1,"featured_media":0,"parent":0,"menu_order":0,"comment_status":"closed","ping_status":"closed","template":"","meta":[],"_links":{"self":[{"href":"https:\/\/www.matoke.org\/index.php\/wp-json\/wp\/v2\/pages\/28"}],"collection":[{"href":"https:\/\/www.matoke.org\/index.php\/wp-json\/wp\/v2\/pages"}],"about":[{"href":"https:\/\/www.matoke.org\/index.php\/wp-json\/wp\/v2\/types\/page"}],"author":[{"embeddable":true,"href":"https:\/\/www.matoke.org\/index.php\/wp-json\/wp\/v2\/users\/1"}],"replies":[{"embeddable":true,"href":"https:\/\/www.matoke.org\/index.php\/wp-json\/wp\/v2\/comments?post=28"}],"version-history":[{"count":12,"href":"https:\/\/www.matoke.org\/index.php\/wp-json\/wp\/v2\/pages\/28\/revisions"}],"predecessor-version":[{"id":834,"href":"https:\/\/www.matoke.org\/index.php\/wp-json\/wp\/v2\/pages\/28\/revisions\/834"}],"wp:attachment":[{"href":"https:\/\/www.matoke.org\/index.php\/wp-json\/wp\/v2\/media?parent=28"}],"curies":[{"name":"wp","href":"https:\/\/api.w.org\/{rel}","templated":true}]}}