{"id":22,"date":"2020-02-25T17:33:34","date_gmt":"2020-02-25T17:33:34","guid":{"rendered":"https:\/\/www.matoke.org\/?page_id=22"},"modified":"2022-12-07T10:16:05","modified_gmt":"2022-12-07T10:16:05","slug":"kontakt","status":"publish","type":"page","link":"https:\/\/www.matoke.org\/index.php\/kontakt\/","title":{"rendered":"kontakt"},"content":{"rendered":"\n<div class=\"wp-block-media-text alignwide is-vertically-aligned-top\" style=\"grid-template-columns:35% auto\"><figure class=\"wp-block-media-text__media\"><img decoding=\"async\" width=\"1024\" height=\"738\" src=\"https:\/\/www.matoke.org\/wp-content\/uploads\/2020\/03\/christl-with-mama-1024x738.jpg\" alt=\"\" class=\"wp-image-664 size-full\" srcset=\"https:\/\/www.matoke.org\/wp-content\/uploads\/2020\/03\/christl-with-mama-1024x738.jpg 1024w, https:\/\/www.matoke.org\/wp-content\/uploads\/2020\/03\/christl-with-mama-300x216.jpg 300w, https:\/\/www.matoke.org\/wp-content\/uploads\/2020\/03\/christl-with-mama-768x553.jpg 768w, https:\/\/www.matoke.org\/wp-content\/uploads\/2020\/03\/christl-with-mama.jpg 1388w\" sizes=\"(max-width: 1024px) 100vw, 1024px\" \/><\/figure><div class=\"wp-block-media-text__content\">\n<h2 class=\"has-text-align-left wp-block-heading\"><em>Wir freuen uns von Ihnen zu h\u00f6ren, schreiben Sie uns f\u00fcr alle Anfragen:<\/em><\/h2>\n\n\n\n<h4 class=\"wp-block-heading\">Ein Bildungsprojekt und F\u00f6rderverein f\u00fcr die MUKISA Parent School in Uganda<\/h4>\n\n\n\n<div style=\"height:20px\" aria-hidden=\"true\" class=\"wp-block-spacer\"><\/div>\n\n\n\n<h2 class=\"wp-block-heading\"><em>Herzlichen Dank<\/em><\/h2>\n\n\n\n<ol>\n<li>Vorstand: <strong>Roman Gromotka<\/strong><\/li>\n\n\n\n<li>Vorstand: <strong>Christa Gromotka<\/strong><br><br>MATOKE e.V. &#8211; <em>Zukunft gestalten<\/em><br><br>Baumgarten 3,<br>83365 Nu\u00dfdorf<br>Deutschland<\/li>\n<\/ol>\n\n\n\n<div style=\"height:35px\" aria-hidden=\"true\" class=\"wp-block-spacer\"><\/div>\n\n\n\n<p><\/p>\n<\/div><\/div>\n\n\n\n<div style=\"height:52px\" aria-hidden=\"true\" class=\"wp-block-spacer\"><\/div>\n\n\n\n<div class=\"wp-block-group is-layout-flow\"><div class=\"wp-block-group__inner-container\">\n<h6><em>Aufgrund der neuen Datenschutzverordnung m\u00f6chten wir alle Betroffenen bitten, nachstehenden Datenschutzhinweis zu akzeptieren.<\/em><\/h6>\n<h5><em><strong>Datenschutzbelehrung:<\/strong><\/em><\/h5>\n<p><em>Ich bin einverstanden mit der Speicherung, \u00dcbermittlung und der Verarbeitung meiner personenbezogenen Daten nur f\u00fcr die Vereinszwecke des Matoke e.V. gem\u00e4\u00df den Bestimmungen der EU-Datenschutzgrundverordnung (DSGVO) und des Bundesdatenschutzgesetzes (BDSG neu) und den Regelungen der Vereinssatzung.<\/em><\/p>\n<p><em>Die Daten sind zur Verfolgung der Ziele des Matoke e.V. Nu\u00dfdorf erforderlich. <\/em><em>Jederzeit kann ich Auskunft \u00fcber meine gespeicherten Daten erhalten und die L\u00f6schung der Datenspeicherung bei Einstellung der F\u00f6rderung schriftlich beim Verein beantragen.<\/em><\/p>\n<p><em>MATOKE e.V., Baumgarten 3, 83365 Nu\u00dfdorf, Email: info (\u00e4t) matoke.org<\/em><\/p>\n<p><em>Homepage im Aufbau: www.matoke.org<\/em><\/p>\n<\/div><\/div>\n","protected":false},"excerpt":{"rendered":"<p>Aufgrund der neuen Datenschutzverordnung m\u00f6chten wir alle Betroffenen bitten, nachstehenden Datenschutzhinweis zu akzeptieren. Datenschutzbelehrung: Ich bin einverstanden mit der Speicherung, \u00dcbermittlung und der Verarbeitung meiner personenbezogenen Daten nur f\u00fcr die [&hellip;]<\/p>\n","protected":false},"author":1,"featured_media":643,"parent":0,"menu_order":0,"comment_status":"closed","ping_status":"closed","template":"","meta":[],"_links":{"self":[{"href":"https:\/\/www.matoke.org\/index.php\/wp-json\/wp\/v2\/pages\/22"}],"collection":[{"href":"https:\/\/www.matoke.org\/index.php\/wp-json\/wp\/v2\/pages"}],"about":[{"href":"https:\/\/www.matoke.org\/index.php\/wp-json\/wp\/v2\/types\/page"}],"author":[{"embeddable":true,"href":"https:\/\/www.matoke.org\/index.php\/wp-json\/wp\/v2\/users\/1"}],"replies":[{"embeddable":true,"href":"https:\/\/www.matoke.org\/index.php\/wp-json\/wp\/v2\/comments?post=22"}],"version-history":[{"count":39,"href":"https:\/\/www.matoke.org\/index.php\/wp-json\/wp\/v2\/pages\/22\/revisions"}],"predecessor-version":[{"id":1137,"href":"https:\/\/www.matoke.org\/index.php\/wp-json\/wp\/v2\/pages\/22\/revisions\/1137"}],"wp:featuredmedia":[{"embeddable":true,"href":"https:\/\/www.matoke.org\/index.php\/wp-json\/wp\/v2\/media\/643"}],"wp:attachment":[{"href":"https:\/\/www.matoke.org\/index.php\/wp-json\/wp\/v2\/media?parent=22"}],"curies":[{"name":"wp","href":"https:\/\/api.w.org\/{rel}","templated":true}]}}