{"id":20,"date":"2020-02-25T17:33:21","date_gmt":"2020-02-25T17:33:21","guid":{"rendered":"https:\/\/www.matoke.org\/?page_id=20"},"modified":"2020-03-03T15:31:08","modified_gmt":"2020-03-03T15:31:08","slug":"projekte","status":"publish","type":"page","link":"https:\/\/www.matoke.org\/index.php\/uber-matoke\/projekte\/","title":{"rendered":"projekte"},"content":{"rendered":"\n<h2 class=\"has-text-align-left wp-block-heading\"><strong>Warum sollte dieses Projekt unterst\u00fctzt werden?<\/strong><\/h2>\n\n\n\n<div style=\"height:28px\" aria-hidden=\"true\" class=\"wp-block-spacer\"><\/div>\n\n\n\n<div class=\"wp-block-columns is-layout-flex wp-container-5\">\n<div class=\"wp-block-column is-vertically-aligned-top is-layout-flow\">\n<div class=\"wp-block-image is-style-circle-mask\"><figure class=\"aligncenter size-large\"><img decoding=\"async\" width=\"601\" height=\"601\" src=\"https:\/\/www.matoke.org\/wp-content\/uploads\/2020\/03\/icons-01.png\" alt=\"\" class=\"wp-image-751\" srcset=\"https:\/\/www.matoke.org\/wp-content\/uploads\/2020\/03\/icons-01.png 601w, https:\/\/www.matoke.org\/wp-content\/uploads\/2020\/03\/icons-01-300x300.png 300w, https:\/\/www.matoke.org\/wp-content\/uploads\/2020\/03\/icons-01-150x150.png 150w, https:\/\/www.matoke.org\/wp-content\/uploads\/2020\/03\/icons-01-45x45.png 45w\" sizes=\"(max-width: 601px) 100vw, 601px\" \/><\/figure><\/div>\n\n\n\n<p class=\"has-text-align-center\">Weil Ihre Hilfe zu 100% in das Projekt flie\u00dft<\/p>\n<\/div>\n\n\n\n<div class=\"wp-block-column is-vertically-aligned-top is-layout-flow\">\n<div class=\"wp-block-image is-style-circle-mask\"><figure class=\"aligncenter size-large\"><img decoding=\"async\" width=\"601\" height=\"601\" src=\"https:\/\/www.matoke.org\/wp-content\/uploads\/2020\/03\/icons-02-1.png\" alt=\"\" class=\"wp-image-752\" srcset=\"https:\/\/www.matoke.org\/wp-content\/uploads\/2020\/03\/icons-02-1.png 601w, https:\/\/www.matoke.org\/wp-content\/uploads\/2020\/03\/icons-02-1-300x300.png 300w, https:\/\/www.matoke.org\/wp-content\/uploads\/2020\/03\/icons-02-1-150x150.png 150w, https:\/\/www.matoke.org\/wp-content\/uploads\/2020\/03\/icons-02-1-45x45.png 45w\" sizes=\"(max-width: 601px) 100vw, 601px\" \/><\/figure><\/div>\n\n\n\n<p>Weil die Hilfe vor Ort immer die beste L\u00f6sung darstellt<\/p>\n<\/div>\n\n\n\n<div class=\"wp-block-column is-vertically-aligned-top is-layout-flow\">\n<div class=\"wp-block-image is-style-circle-mask\"><figure class=\"aligncenter size-large\"><img decoding=\"async\" width=\"601\" height=\"601\" src=\"https:\/\/www.matoke.org\/wp-content\/uploads\/2020\/03\/icons-04.png\" alt=\"\" class=\"wp-image-754\" srcset=\"https:\/\/www.matoke.org\/wp-content\/uploads\/2020\/03\/icons-04.png 601w, https:\/\/www.matoke.org\/wp-content\/uploads\/2020\/03\/icons-04-300x300.png 300w, https:\/\/www.matoke.org\/wp-content\/uploads\/2020\/03\/icons-04-150x150.png 150w, https:\/\/www.matoke.org\/wp-content\/uploads\/2020\/03\/icons-04-45x45.png 45w\" sizes=\"(max-width: 601px) 100vw, 601px\" \/><\/figure><\/div>\n\n\n\n<p class=\"has-text-align-center\">Weil es wichtig ist, (s)einen Beitrag in der Welt zu leisten<\/p>\n<\/div>\n\n\n\n<div class=\"wp-block-column is-layout-flow\">\n<div class=\"wp-block-image\"><figure class=\"aligncenter size-large\"><img decoding=\"async\" width=\"601\" height=\"601\" src=\"https:\/\/www.matoke.org\/wp-content\/uploads\/2020\/03\/icons-03.png\" alt=\"\" class=\"wp-image-753\" srcset=\"https:\/\/www.matoke.org\/wp-content\/uploads\/2020\/03\/icons-03.png 601w, https:\/\/www.matoke.org\/wp-content\/uploads\/2020\/03\/icons-03-300x300.png 300w, https:\/\/www.matoke.org\/wp-content\/uploads\/2020\/03\/icons-03-150x150.png 150w, https:\/\/www.matoke.org\/wp-content\/uploads\/2020\/03\/icons-03-45x45.png 45w\" sizes=\"(max-width: 601px) 100vw, 601px\" \/><\/figure><\/div>\n\n\n\n<p class=\"has-text-align-center\">Weil es so einfach sein kann, mit wenig Geld viel zu bewirken<\/p>\n<\/div>\n<\/div>\n\n\n\n<div style=\"height:47px\" aria-hidden=\"true\" class=\"wp-block-spacer\"><\/div>\n\n\n\n<h2 class=\"wp-block-heading\"> <strong>Wie wird das Projekt umgesetzt?<\/strong><\/h2>\n\n\n\n<div class=\"wp-block-cover has-background-dim-90 has-very-dark-gray-background-color has-background-dim has-parallax\" style=\"background-image:url(https:\/\/www.matoke.org\/wp-content\/uploads\/2020\/03\/ermit-with-men-drilling.jpg);min-height:330px\"><div class=\"wp-block-cover__inner-container\">\n<p style=\"font-size:17px\" class=\"has-text-align-center\">Jeder Euro Spendengeld wird gezielt und verantwortungsbewusst eingesetzt. Die Realisierung erfolgt durch einheimische, vor Ort ans\u00e4ssige Handwerksbetriebe. Auch das entspricht unserer Zielsetzung zur St\u00e4rkung der Region.<br> Das Geld wird entweder an die von uns regelm\u00e4\u00dfig kontrollierte Rektorin der Schule \u00fcberwiesen oder von uns pers\u00f6nlich \u00fcberbracht. Komplexere Bauvorhaben werden nach M\u00f6glichkeit von uns pers\u00f6nlich \u00fcberwacht. Bei allen Ausgaben achten wir auf korrekte Nachweise. Auf unserer derzeit im Aufbau befindlichen Internetseite www.matoke.org wollen wir k\u00fcnftig \u00fcber alle T\u00e4tigkeiten transparent berichten.<\/p>\n<\/div><\/div>\n","protected":false},"excerpt":{"rendered":"<p>Warum sollte dieses Projekt unterst\u00fctzt werden? Weil Ihre Hilfe zu 100% in das Projekt flie\u00dft Weil die Hilfe vor Ort immer die beste L\u00f6sung darstellt Weil es wichtig ist, (s)einen [&hellip;]<\/p>\n","protected":false},"author":1,"featured_media":644,"parent":16,"menu_order":0,"comment_status":"closed","ping_status":"closed","template":"","meta":[],"_links":{"self":[{"href":"https:\/\/www.matoke.org\/index.php\/wp-json\/wp\/v2\/pages\/20"}],"collection":[{"href":"https:\/\/www.matoke.org\/index.php\/wp-json\/wp\/v2\/pages"}],"about":[{"href":"https:\/\/www.matoke.org\/index.php\/wp-json\/wp\/v2\/types\/page"}],"author":[{"embeddable":true,"href":"https:\/\/www.matoke.org\/index.php\/wp-json\/wp\/v2\/users\/1"}],"replies":[{"embeddable":true,"href":"https:\/\/www.matoke.org\/index.php\/wp-json\/wp\/v2\/comments?post=20"}],"version-history":[{"count":19,"href":"https:\/\/www.matoke.org\/index.php\/wp-json\/wp\/v2\/pages\/20\/revisions"}],"predecessor-version":[{"id":756,"href":"https:\/\/www.matoke.org\/index.php\/wp-json\/wp\/v2\/pages\/20\/revisions\/756"}],"up":[{"embeddable":true,"href":"https:\/\/www.matoke.org\/index.php\/wp-json\/wp\/v2\/pages\/16"}],"wp:featuredmedia":[{"embeddable":true,"href":"https:\/\/www.matoke.org\/index.php\/wp-json\/wp\/v2\/media\/644"}],"wp:attachment":[{"href":"https:\/\/www.matoke.org\/index.php\/wp-json\/wp\/v2\/media?parent=20"}],"curies":[{"name":"wp","href":"https:\/\/api.w.org\/{rel}","templated":true}]}}