{"id":18,"date":"2020-02-25T17:32:09","date_gmt":"2020-02-25T17:32:09","guid":{"rendered":"https:\/\/www.matoke.org\/?page_id=18"},"modified":"2020-08-19T10:14:09","modified_gmt":"2020-08-19T10:14:09","slug":"unterstutzen","status":"publish","type":"page","link":"https:\/\/www.matoke.org\/index.php\/unterstutzen\/","title":{"rendered":"Unterst\u00fctzen"},"content":{"rendered":"\n<h2 class=\"wp-block-heading\">Recht herzlichen Dank f\u00fcr Ihr Interesse.<\/h2>\n\n\n\n<p>Bisher wurden wir von Einzelpersonen, Institutionen und Organisationen unterst\u00fctzt. Daf\u00fcr sind wir sehr dankbar, es besteht jedoch immer Bedarf an mehr Unterst\u00fctzung in den verschiedenen Kategorien:<\/p>\n\n\n\n<ul><li>Finanzielle Unterst\u00fctzung<\/li><li>Technischer Support<\/li><li>Material Unterst\u00fctzung<\/li><li>Beratung<\/li><\/ul>\n\n\n\n<p>Bitte unterst\u00fctzen Sie uns mit einer Spende an: <\/p>\n\n\n\n<p>MATOKE e.V.<br>Kreissparkasse Traunstein-Trostberg<br>Konto DE83 71052050 00 40602997<\/p>\n\n\n\n<p>Falls Sie eine Spendenquittung ben\u00f6tigen, bitte immer die Adresse im Betreff der \u00dcberweisung angeben.<\/p>\n\n\n\n<p><\/p>\n","protected":false},"excerpt":{"rendered":"<p>Recht herzlichen Dank f\u00fcr Ihr Interesse. Bisher wurden wir von Einzelpersonen, Institutionen und Organisationen unterst\u00fctzt. Daf\u00fcr sind wir sehr dankbar, es besteht jedoch immer Bedarf an mehr Unterst\u00fctzung in den [&hellip;]<\/p>\n","protected":false},"author":1,"featured_media":648,"parent":0,"menu_order":0,"comment_status":"closed","ping_status":"closed","template":"","meta":[],"_links":{"self":[{"href":"https:\/\/www.matoke.org\/index.php\/wp-json\/wp\/v2\/pages\/18"}],"collection":[{"href":"https:\/\/www.matoke.org\/index.php\/wp-json\/wp\/v2\/pages"}],"about":[{"href":"https:\/\/www.matoke.org\/index.php\/wp-json\/wp\/v2\/types\/page"}],"author":[{"embeddable":true,"href":"https:\/\/www.matoke.org\/index.php\/wp-json\/wp\/v2\/users\/1"}],"replies":[{"embeddable":true,"href":"https:\/\/www.matoke.org\/index.php\/wp-json\/wp\/v2\/comments?post=18"}],"version-history":[{"count":6,"href":"https:\/\/www.matoke.org\/index.php\/wp-json\/wp\/v2\/pages\/18\/revisions"}],"predecessor-version":[{"id":904,"href":"https:\/\/www.matoke.org\/index.php\/wp-json\/wp\/v2\/pages\/18\/revisions\/904"}],"wp:featuredmedia":[{"embeddable":true,"href":"https:\/\/www.matoke.org\/index.php\/wp-json\/wp\/v2\/media\/648"}],"wp:attachment":[{"href":"https:\/\/www.matoke.org\/index.php\/wp-json\/wp\/v2\/media?parent=18"}],"curies":[{"name":"wp","href":"https:\/\/api.w.org\/{rel}","templated":true}]}}