{"id":16,"date":"2020-02-25T17:17:57","date_gmt":"2020-02-25T17:17:57","guid":{"rendered":"https:\/\/www.matoke.org\/?page_id=16"},"modified":"2020-06-01T10:09:56","modified_gmt":"2020-06-01T10:09:56","slug":"uber-matoke","status":"publish","type":"page","link":"https:\/\/www.matoke.org\/index.php\/uber-matoke\/","title":{"rendered":"\u00dcber Matoke"},"content":{"rendered":"\n<p>Das F\u00f6rderprojekt MATOKE beinhaltet zwei Schwestervereine:<\/p>\n\n\n\n<p>&#8211; MATOKE e.V. \/ Deutschland<\/p>\n\n\n\n<p>&#8211; F\u00f6rderverein MATOKE \/ Schweiz<\/p>\n\n\n\n<p>Beide Vereine unterst\u00fctzen die gleiche Idee und verfolgen die gleichen Ziele. Aus steuerlichen Gr\u00fcnden mussten leider zwei Vereine gegr\u00fcndet werden, die allerdings in einem sehr engen Austausch stehen.<\/p>\n\n\n\n<h2 class=\"wp-block-heading\"><strong>Worum geht es in diesem Projekt? <\/strong><\/h2>\n\n\n\n<p>Bildung\nist ein Weg aus der Armut.<br>\nAusreichende Ern\u00e4hrung und sauberes Trinkwasser sind lebensnotwendig f\u00fcr die\nKinder der Buschschule.<br>\nHilfe zur Selbsthilfe ist die Zielsetzung vom Verein MATOKE. <\/p>\n\n\n\n<h2 class=\"wp-block-heading\"><strong>Was bewegt der MATOKE e.V.? <\/strong><\/h2>\n\n\n\n<blockquote class=\"wp-block-quote has-text-align-left\"><p>Nichts ist nachhaltiger als Bildung \u2013 sie wirkt ein ganzes Leben lang. <\/p><\/blockquote>\n\n\n\n<p>Seit 2013\nwurde mit gro\u00dfem, ehrenamtlichem Einsatz und den Spenden von Freunden ein\nSchulgeb\u00e4ude f\u00fcr 250 Kindern errichtet, Lehrerwohnungen geschaffen, ein\nKindergarten f\u00fcr 2 Gruppen sowie die notwendigen Toiletten gebaut. <br>\nLernen kann nur, wer einigerma\u00dfen gesund ist. Neben Malaria sind\nDurchfallerkrankungen, verursacht durch unreines Trinkwasser, die h\u00e4ufigsten\nKrankheitsursachen<br>\n2018 blieben wegen mangelnder Regenf\u00e4lle die gro\u00dfen Regentonnen leer und die\nTrinkwasserbeschaffung wurde zum \u00dcberlebensproblem. Deshalb hat ein\nSchulbrunnen erste Priorit\u00e4t. <br>\nDa die Sch\u00fcler aus einem Umkreis von 5 km kommen, ist eine gesunde\nSchulverpflegung ein weiterer wichtiger Baustein f\u00fcr erfolgreiches Lernen.\nUnser Ziel ist also, nicht nur Bildung als nachhaltiges Mittel zur\nArmutsbek\u00e4mpfung zu f\u00f6rdern, sondern auch die m\u00f6glichen Stolpersteine dahin zu\nbeseitigen, dazu geh\u00f6rt eine hygienische Schulk\u00fcche mit gemauerten\nFeuerstellen. <\/p>\n","protected":false},"excerpt":{"rendered":"<p>Das F\u00f6rderprojekt MATOKE beinhaltet zwei Schwestervereine: &#8211; MATOKE e.V. \/ Deutschland &#8211; F\u00f6rderverein MATOKE \/ Schweiz Beide Vereine unterst\u00fctzen die gleiche Idee und verfolgen die gleichen Ziele. Aus steuerlichen Gr\u00fcnden [&hellip;]<\/p>\n","protected":false},"author":1,"featured_media":649,"parent":0,"menu_order":0,"comment_status":"closed","ping_status":"closed","template":"","meta":[],"_links":{"self":[{"href":"https:\/\/www.matoke.org\/index.php\/wp-json\/wp\/v2\/pages\/16"}],"collection":[{"href":"https:\/\/www.matoke.org\/index.php\/wp-json\/wp\/v2\/pages"}],"about":[{"href":"https:\/\/www.matoke.org\/index.php\/wp-json\/wp\/v2\/types\/page"}],"author":[{"embeddable":true,"href":"https:\/\/www.matoke.org\/index.php\/wp-json\/wp\/v2\/users\/1"}],"replies":[{"embeddable":true,"href":"https:\/\/www.matoke.org\/index.php\/wp-json\/wp\/v2\/comments?post=16"}],"version-history":[{"count":8,"href":"https:\/\/www.matoke.org\/index.php\/wp-json\/wp\/v2\/pages\/16\/revisions"}],"predecessor-version":[{"id":868,"href":"https:\/\/www.matoke.org\/index.php\/wp-json\/wp\/v2\/pages\/16\/revisions\/868"}],"wp:featuredmedia":[{"embeddable":true,"href":"https:\/\/www.matoke.org\/index.php\/wp-json\/wp\/v2\/media\/649"}],"wp:attachment":[{"href":"https:\/\/www.matoke.org\/index.php\/wp-json\/wp\/v2\/media?parent=16"}],"curies":[{"name":"wp","href":"https:\/\/api.w.org\/{rel}","templated":true}]}}